{"id":165,"date":"2020-02-24T17:00:02","date_gmt":"2020-02-24T17:00:02","guid":{"rendered":"http:\/\/niamarsh.com\/?page_id=165"},"modified":"2024-02-21T18:55:32","modified_gmt":"2024-02-21T18:55:32","slug":"portfolio","status":"publish","type":"page","link":"https:\/\/niamarsh.com\/?page_id=165","title":{"rendered":"Portfolio"},"content":{"rendered":"\n<hr class=\"wp-block-separator has-alpha-channel-opacity\"\/>\n\n\n\n<figure class=\"wp-block-gallery has-nested-images columns-default is-cropped wp-block-gallery-1 is-layout-flex wp-block-gallery-is-layout-flex\">\n<figure class=\"wp-block-image size-full\"><a href=\"https:\/\/niamarsh.com\/?page_id=555\" target=\"_blank\" rel=\"noreferrer noopener\"><img loading=\"lazy\" decoding=\"async\" width=\"1920\" height=\"2560\" data-id=\"661\" src=\"https:\/\/niamarsh.com\/wp-content\/uploads\/2023\/12\/niceNia.jpg\" alt=\"\" class=\"wp-image-661\" srcset=\"https:\/\/niamarsh.com\/wp-content\/uploads\/2023\/12\/niceNia.jpg 1920w, https:\/\/niamarsh.com\/wp-content\/uploads\/2023\/12\/niceNia-225x300.jpg 225w, https:\/\/niamarsh.com\/wp-content\/uploads\/2023\/12\/niceNia-768x1024.jpg 768w, https:\/\/niamarsh.com\/wp-content\/uploads\/2023\/12\/niceNia-1152x1536.jpg 1152w, https:\/\/niamarsh.com\/wp-content\/uploads\/2023\/12\/niceNia-1536x2048.jpg 1536w\" sizes=\"auto, (max-width: 1920px) 100vw, 1920px\" \/><\/a><figcaption class=\"wp-element-caption\"><a href=\"https:\/\/niamarsh.com\/?page_id=555\"><strong>CV\/R\u00e9sum\u00e9<\/strong><\/a><\/figcaption><\/figure>\n\n\n\n<figure class=\"wp-block-image\"><a href=\"https:\/\/niamarsh.com\/?page_id=511\" target=\"_blank\" rel=\"noreferrer noopener\"><img loading=\"lazy\" decoding=\"async\" width=\"494\" height=\"636\" data-id=\"192\" src=\"https:\/\/niamarsh.com\/wp-content\/uploads\/2020\/02\/interview-2.jpeg\" alt=\"\" class=\"wp-image-192\" srcset=\"https:\/\/niamarsh.com\/wp-content\/uploads\/2020\/02\/interview-2.jpeg 494w, https:\/\/niamarsh.com\/wp-content\/uploads\/2020\/02\/interview-2-233x300.jpeg 233w\" sizes=\"auto, (max-width: 494px) 100vw, 494px\" \/><\/a><figcaption class=\"wp-element-caption\"><strong><a href=\"https:\/\/niamarsh.com\/?page_id=511\" target=\"_blank\" rel=\"noreferrer noopener\">Costume Design<\/a><\/strong><\/figcaption><\/figure>\n\n\n\n<figure class=\"wp-block-image size-large\"><a href=\"https:\/\/niamarsh.com\/?page_id=488\" target=\"_blank\" rel=\"noreferrer noopener\"><img loading=\"lazy\" decoding=\"async\" width=\"768\" height=\"1024\" data-id=\"516\" src=\"https:\/\/niamarsh.com\/wp-content\/uploads\/2023\/11\/IMG_3545-768x1024.jpg\" alt=\"\" class=\"wp-image-516\" srcset=\"https:\/\/niamarsh.com\/wp-content\/uploads\/2023\/11\/IMG_3545-768x1024.jpg 768w, https:\/\/niamarsh.com\/wp-content\/uploads\/2023\/11\/IMG_3545-225x300.jpg 225w, https:\/\/niamarsh.com\/wp-content\/uploads\/2023\/11\/IMG_3545-1152x1536.jpg 1152w, https:\/\/niamarsh.com\/wp-content\/uploads\/2023\/11\/IMG_3545-rotated.jpg 1536w\" sizes=\"auto, (max-width: 768px) 100vw, 768px\" \/><\/a><figcaption class=\"wp-element-caption\"><strong><a href=\"https:\/\/niamarsh.com\/?page_id=488\">Comp\u00e9tences : Coordination<\/a><\/strong><\/figcaption><\/figure>\n<\/figure>\n\n\n\n<hr class=\"wp-block-separator has-alpha-channel-opacity\"\/>\n\n\n\n<p><a href=\"https:\/\/niamarsh.com\/?page_id=555\" target=\"_blank\" rel=\"noreferrer noopener\">CV\/R\u00e9sum\u00e9<\/a><\/p>\n\n\n\n<p><a href=\"https:\/\/niamarsh.com\/?page_id=511\" target=\"_blank\" rel=\"noreferrer noopener\">Costume Design<\/a><\/p>\n\n\n\n<p><a href=\"https:\/\/niamarsh.com\/?page_id=488\" target=\"_blank\" rel=\"noreferrer noopener\">Comp\u00e9tences : Coordination<\/a><\/p>\n\n\n\n<p><\/p>\n","protected":false},"excerpt":{"rendered":"<p>CV\/R\u00e9sum\u00e9 Costume Design Comp\u00e9tences : Coordination<\/p>\n","protected":false},"author":1,"featured_media":0,"parent":0,"menu_order":0,"comment_status":"closed","ping_status":"closed","template":"","meta":{"footnotes":""},"class_list":["post-165","page","type-page","status-publish","hentry"],"_links":{"self":[{"href":"https:\/\/niamarsh.com\/index.php?rest_route=\/wp\/v2\/pages\/165","targetHints":{"allow":["GET"]}}],"collection":[{"href":"https:\/\/niamarsh.com\/index.php?rest_route=\/wp\/v2\/pages"}],"about":[{"href":"https:\/\/niamarsh.com\/index.php?rest_route=\/wp\/v2\/types\/page"}],"author":[{"embeddable":true,"href":"https:\/\/niamarsh.com\/index.php?rest_route=\/wp\/v2\/users\/1"}],"replies":[{"embeddable":true,"href":"https:\/\/niamarsh.com\/index.php?rest_route=%2Fwp%2Fv2%2Fcomments&post=165"}],"version-history":[{"count":49,"href":"https:\/\/niamarsh.com\/index.php?rest_route=\/wp\/v2\/pages\/165\/revisions"}],"predecessor-version":[{"id":674,"href":"https:\/\/niamarsh.com\/index.php?rest_route=\/wp\/v2\/pages\/165\/revisions\/674"}],"wp:attachment":[{"href":"https:\/\/niamarsh.com\/index.php?rest_route=%2Fwp%2Fv2%2Fmedia&parent=165"}],"curies":[{"name":"wp","href":"https:\/\/api.w.org\/{rel}","templated":true}]}}