{"id":701,"date":"2025-02-21T17:45:27","date_gmt":"2025-02-21T17:45:27","guid":{"rendered":"https:\/\/niamarsh.com\/?page_id=701"},"modified":"2025-02-21T17:56:29","modified_gmt":"2025-02-21T17:56:29","slug":"ateliers-artistiques-art-workshops","status":"publish","type":"page","link":"https:\/\/niamarsh.com\/?page_id=701","title":{"rendered":"Ateliers\/workshops"},"content":{"rendered":"<div class=\"wp-block-image\">\n<figure class=\"aligncenter size-large is-resized\"><img loading=\"lazy\" decoding=\"async\" width=\"1024\" height=\"1024\" src=\"https:\/\/niamarsh.com\/wp-content\/uploads\/2025\/02\/2-2-1024x1024.png\" alt=\"\" class=\"wp-image-706\" style=\"width:507px;height:auto\" srcset=\"https:\/\/niamarsh.com\/wp-content\/uploads\/2025\/02\/2-2-1024x1024.png 1024w, https:\/\/niamarsh.com\/wp-content\/uploads\/2025\/02\/2-2-300x300.png 300w, https:\/\/niamarsh.com\/wp-content\/uploads\/2025\/02\/2-2-150x150.png 150w, https:\/\/niamarsh.com\/wp-content\/uploads\/2025\/02\/2-2-768x768.png 768w, https:\/\/niamarsh.com\/wp-content\/uploads\/2025\/02\/2-2.png 1080w\" sizes=\"auto, (max-width: 1024px) 100vw, 1024px\" \/><\/figure>\n<\/div>\n\n\n<div style=\"height:47px\" aria-hidden=\"true\" class=\"wp-block-spacer\"><\/div>\n\n\n\n<div style=\"height:53px\" aria-hidden=\"true\" class=\"wp-block-spacer\"><\/div>\n\n\n<div class=\"wp-block-image\">\n<figure class=\"aligncenter size-large is-resized\"><img loading=\"lazy\" decoding=\"async\" width=\"1024\" height=\"1024\" src=\"https:\/\/niamarsh.com\/wp-content\/uploads\/2025\/02\/1-1024x1024.png\" alt=\"\" class=\"wp-image-705\" style=\"width:500px;height:auto\" srcset=\"https:\/\/niamarsh.com\/wp-content\/uploads\/2025\/02\/1-1024x1024.png 1024w, https:\/\/niamarsh.com\/wp-content\/uploads\/2025\/02\/1-300x300.png 300w, https:\/\/niamarsh.com\/wp-content\/uploads\/2025\/02\/1-150x150.png 150w, https:\/\/niamarsh.com\/wp-content\/uploads\/2025\/02\/1-768x768.png 768w, https:\/\/niamarsh.com\/wp-content\/uploads\/2025\/02\/1.png 1080w\" sizes=\"auto, (max-width: 1024px) 100vw, 1024px\" \/><\/figure>\n<\/div>\n\n\n<p class=\"has-text-align-center\"><strong>Des ateliers propos\u00e9s sont ouverts \u00e0 tous, n&#8217;h\u00e9sitez pas de me contacter si vous \u00eates int\u00e9ress\u00e9(e)s<\/strong><\/p>\n\n\n\n<p><\/p>\n\n\n\n<p><\/p>\n","protected":false},"excerpt":{"rendered":"<p>Des ateliers propos\u00e9s sont ouverts \u00e0 tous, n&#8217;h\u00e9sitez pas de me contacter si vous \u00eates int\u00e9ress\u00e9(e)s<\/p>\n","protected":false},"author":1,"featured_media":0,"parent":0,"menu_order":0,"comment_status":"closed","ping_status":"closed","template":"","meta":{"footnotes":""},"class_list":["post-701","page","type-page","status-publish","hentry"],"_links":{"self":[{"href":"https:\/\/niamarsh.com\/index.php?rest_route=\/wp\/v2\/pages\/701","targetHints":{"allow":["GET"]}}],"collection":[{"href":"https:\/\/niamarsh.com\/index.php?rest_route=\/wp\/v2\/pages"}],"about":[{"href":"https:\/\/niamarsh.com\/index.php?rest_route=\/wp\/v2\/types\/page"}],"author":[{"embeddable":true,"href":"https:\/\/niamarsh.com\/index.php?rest_route=\/wp\/v2\/users\/1"}],"replies":[{"embeddable":true,"href":"https:\/\/niamarsh.com\/index.php?rest_route=%2Fwp%2Fv2%2Fcomments&post=701"}],"version-history":[{"count":8,"href":"https:\/\/niamarsh.com\/index.php?rest_route=\/wp\/v2\/pages\/701\/revisions"}],"predecessor-version":[{"id":721,"href":"https:\/\/niamarsh.com\/index.php?rest_route=\/wp\/v2\/pages\/701\/revisions\/721"}],"wp:attachment":[{"href":"https:\/\/niamarsh.com\/index.php?rest_route=%2Fwp%2Fv2%2Fmedia&parent=701"}],"curies":[{"name":"wp","href":"https:\/\/api.w.org\/{rel}","templated":true}]}}